{"id":790,"date":"2025-11-06T18:22:30","date_gmt":"2025-11-06T17:22:30","guid":{"rendered":"https:\/\/expocuida.com\/como-llegar-a-cuida\/"},"modified":"2025-12-16T17:20:27","modified_gmt":"2025-12-16T16:20:27","slug":"com-arribar-a-cuida","status":"publish","type":"page","link":"https:\/\/expocuida.com\/ca\/com-arribar-a-cuida\/","title":{"rendered":"Com arribar a CUIDA"},"content":{"rendered":"\t\t<div data-elementor-type=\"wp-page\" data-elementor-id=\"790\" class=\"elementor elementor-790 elementor-433\" data-elementor-post-type=\"page\">\n\t\t\t\t<div class=\"elementor-element elementor-element-b9ddbf1 e-flex e-con-boxed e-con e-parent\" data-id=\"b9ddbf1\" data-element_type=\"container\" data-e-type=\"container\">\n\t\t\t\t\t<div class=\"e-con-inner\">\n\t\t<div class=\"elementor-element elementor-element-bb2420f e-con-full e-flex e-con e-child\" data-id=\"bb2420f\" data-element_type=\"container\" data-e-type=\"container\">\n\t\t\t\t<div class=\"elementor-element elementor-element-e6386fc elementor-widget elementor-widget-heading\" data-id=\"e6386fc\" data-element_type=\"widget\" data-e-type=\"widget\" data-widget_type=\"heading.default\">\n\t\t\t\t\t<h5 class=\"elementor-heading-title elementor-size-default\">Com arribar a CUIDA<\/h5>\t\t\t\t<\/div>\n\t\t\t\t<div class=\"elementor-element elementor-element-4d4e3a2 elementor-widget elementor-widget-heading\" data-id=\"4d4e3a2\" data-element_type=\"widget\" data-e-type=\"widget\" data-widget_type=\"heading.default\">\n\t\t\t\t\t<h2 class=\"elementor-heading-title elementor-size-default\">Com arribar<br>a La Farga de L'Hospitalet<\/h2>\t\t\t\t<\/div>\n\t\t\t\t<\/div>\n\t\t\t\t\t<\/div>\n\t\t\t\t<\/div>\n\t\t<div class=\"elementor-element elementor-element-a659de5 e-grid e-con-boxed e-con e-parent\" data-id=\"a659de5\" data-element_type=\"container\" data-e-type=\"container\">\n\t\t\t\t\t<div class=\"e-con-inner\">\n\t\t<div class=\"elementor-element elementor-element-6bda447 e-con-full boxes_content e-flex e-con e-child\" data-id=\"6bda447\" data-element_type=\"container\" data-e-type=\"container\" data-settings=\"{&quot;background_background&quot;:&quot;classic&quot;}\">\n\t\t\t\t<div class=\"elementor-element elementor-element-265179d elementor-widget elementor-widget-heading\" data-id=\"265179d\" data-element_type=\"widget\" data-e-type=\"widget\" data-widget_type=\"heading.default\">\n\t\t\t\t\t<h4 class=\"elementor-heading-title elementor-size-default\">La Farga de L'Hospitalet\u200b<\/h4>\t\t\t\t<\/div>\n\t\t\t\t<div class=\"elementor-element elementor-element-cd83c10 elementor-widget elementor-widget-text-editor\" data-id=\"cd83c10\" data-element_type=\"widget\" data-e-type=\"widget\" data-widget_type=\"text-editor.default\">\n\t\t\t\t\t\t\t\t\t<p>C\/ de Barcelona, 2<br>08901 L\u2019Hospitalet de Llobregat<br>Barcelona<\/p>\t\t\t\t\t\t\t\t<\/div>\n\t\t\t\t<\/div>\n\t\t\t\t<div class=\"elementor-element elementor-element-6a91e90 elementor-widget elementor-widget-google_maps\" data-id=\"6a91e90\" data-element_type=\"widget\" data-e-type=\"widget\" data-widget_type=\"google_maps.default\">\n\t\t\t\t\t\t\t<div class=\"elementor-custom-embed\">\n\t\t\t<iframe loading=\"lazy\"\n\t\t\t\t\tsrc=\"https:\/\/maps.google.com\/maps?q=Carrer%20de%20Barcelona%2C%202%2C%2008901%20L%27Hospitalet%20de%20Llobregat%2C%20Barcelona&#038;t=m&#038;z=14&#038;output=embed&#038;iwloc=near\"\n\t\t\t\t\ttitle=\"Carrer de Barcelona, 2, 08901 L&#039;Hospitalet de Llobregat, Barcelona\"\n\t\t\t\t\taria-label=\"Carrer de Barcelona, 2, 08901 L&#039;Hospitalet de Llobregat, Barcelona\"\n\t\t\t><\/iframe>\n\t\t<\/div>\n\t\t\t\t\t\t<\/div>\n\t\t\t\t\t<\/div>\n\t\t\t\t<\/div>\n\t\t<div class=\"elementor-element elementor-element-6e7fc40 e-grid e-con-boxed e-con e-parent\" data-id=\"6e7fc40\" data-element_type=\"container\" data-e-type=\"container\">\n\t\t\t\t\t<div class=\"e-con-inner\">\n\t\t<div class=\"elementor-element elementor-element-ec69502 e-con-full boxes_content e-flex e-con e-child\" data-id=\"ec69502\" data-element_type=\"container\" data-e-type=\"container\" data-settings=\"{&quot;background_background&quot;:&quot;classic&quot;}\">\n\t\t\t\t<div class=\"elementor-element elementor-element-e6f307c elementor-view-stacked elementor-shape-circle elementor-widget elementor-widget-icon\" data-id=\"e6f307c\" data-element_type=\"widget\" data-e-type=\"widget\" data-widget_type=\"icon.default\">\n\t\t\t\t\t\t\t<div class=\"elementor-icon-wrapper\">\n\t\t\t<div class=\"elementor-icon\">\n\t\t\t<svg xmlns=\"http:\/\/www.w3.org\/2000\/svg\" id=\"Layer_1\" data-name=\"Layer 1\" viewBox=\"0 0 24 24\" width=\"512\" height=\"512\"><path d=\"M15,6h-6c-2.757,0-5,2.243-5,5v6c0,1.901,1.333,3.496,3.113,3.901l-.966,1.577c-.289,.471-.141,1.087,.33,1.375,.163,.1,.343,.147,.521,.147,.336,0,.665-.17,.854-.478l1.545-2.522h5.205l1.545,2.522c.188,.308,.517,.478,.854,.478,.178,0,.358-.048,.521-.147,.471-.288,.619-.904,.33-1.375l-.966-1.577c1.78-.404,3.113-1.999,3.113-3.901v-6c0-2.757-2.243-5-5-5Zm3,5v2h-5v-5h2c1.654,0,3,1.346,3,3Zm-9-3h2v5H6v-2c0-1.654,1.346-3,3-3Zm7,11H8c-1.103,0-2-.897-2-2v-2h2v1c0,.553,.448,1,1,1s1-.447,1-1v-1h4v1c0,.553,.448,1,1,1s1-.447,1-1v-1h2v2c0,1.103-.897,2-2,2Zm8-7v11c0,.553-.448,1-1,1s-1-.447-1-1V12c0-5.514-4.486-10-10-10S2,6.486,2,12v11c0,.553-.448,1-1,1s-1-.447-1-1V12C0,5.383,5.383,0,12,0s12,5.383,12,12Z\"><\/path><\/svg>\t\t\t<\/div>\n\t\t<\/div>\n\t\t\t\t\t\t<\/div>\n\t\t\t\t<div class=\"elementor-element elementor-element-e86d370 elementor-widget elementor-widget-heading\" data-id=\"e86d370\" data-element_type=\"widget\" data-e-type=\"widget\" data-widget_type=\"heading.default\">\n\t\t\t\t\t<h4 class=\"elementor-heading-title elementor-size-default\">En metro<\/h4>\t\t\t\t<\/div>\n\t\t\t\t<div class=\"elementor-element elementor-element-aef1878 elementor-widget elementor-widget-text-editor\" data-id=\"aef1878\" data-element_type=\"widget\" data-e-type=\"widget\" data-widget_type=\"text-editor.default\">\n\t\t\t\t\t\t\t\t\t<p>Accedir a la <strong>L\u00ednia 1 en direcci\u00f3 a Hospital de Bellvitge<\/strong>\u00a0i baixar a qualsevol d&#8217;aquestes dues parades:<\/p><p>\u2022 Avinguda Carrilet<br \/>\u2022 Rambla Just Oliveras<\/p><p>Des de les dues parades de metro heu de caminar 9 minuts (550 m aprox.) fins arribar a l&#8217;entrada de l&#8217;esdeveniment.<\/p>\t\t\t\t\t\t\t\t<\/div>\n\t\t\t\t<\/div>\n\t\t<div class=\"elementor-element elementor-element-0dae0e9 e-con-full boxes_content e-flex e-con e-child\" data-id=\"0dae0e9\" data-element_type=\"container\" data-e-type=\"container\" data-settings=\"{&quot;background_background&quot;:&quot;classic&quot;}\">\n\t\t\t\t<div class=\"elementor-element elementor-element-1fbe1d5 elementor-view-stacked elementor-shape-circle elementor-widget elementor-widget-icon\" data-id=\"1fbe1d5\" data-element_type=\"widget\" data-e-type=\"widget\" data-widget_type=\"icon.default\">\n\t\t\t\t\t\t\t<div class=\"elementor-icon-wrapper\">\n\t\t\t<div class=\"elementor-icon\">\n\t\t\t<svg xmlns=\"http:\/\/www.w3.org\/2000\/svg\" id=\"Layer_1\" data-name=\"Layer 1\" viewBox=\"0 0 24 24\" width=\"512\" height=\"512\"><path d=\"M16,5h-3V2.023c3.2,.144,5.668,.921,5.694,.929,.524,.168,1.089-.12,1.258-.647,.168-.525-.121-1.088-.646-1.257-.133-.043-3.307-1.048-7.306-1.048S4.827,1.005,4.694,1.048c-.526,.169-.815,.732-.646,1.258,.137,.425,.529,.694,.952,.694,.102,0,.204-.016,.306-.048,.027-.009,2.482-.786,5.694-.93v2.977h-3c-2.757,0-5,2.243-5,5v7c0,2.259,1.507,4.173,3.568,4.791l-.421,.687c-.289,.472-.141,1.087,.33,1.375,.163,.1,.344,.147,.521,.147,.337,0,.665-.17,.854-.478l.932-1.522h6.431l.932,1.522c.188,.308,.517,.478,.854,.478,.178,0,.358-.048,.521-.147,.471-.288,.619-.903,.33-1.375l-.421-.687c2.061-.617,3.568-2.531,3.568-4.791v-7c0-2.757-2.243-5-5-5Zm-3,9v-3h6v3h-6Zm-8,0v-3h6v3H5Zm3-7h8c1.304,0,2.415,.836,2.828,2H5.172c.413-1.164,1.524-2,2.828-2Zm8,13H8c-1.654,0-3-1.346-3-3v-1h2v1c0,.553,.447,1,1,1s1-.447,1-1v-1h6v1c0,.553,.447,1,1,1s1-.447,1-1v-1h2v1c0,1.654-1.346,3-3,3Z\"><\/path><\/svg>\t\t\t<\/div>\n\t\t<\/div>\n\t\t\t\t\t\t<\/div>\n\t\t\t\t<div class=\"elementor-element elementor-element-6f6ae6e elementor-widget elementor-widget-heading\" data-id=\"6f6ae6e\" data-element_type=\"widget\" data-e-type=\"widget\" data-widget_type=\"heading.default\">\n\t\t\t\t\t<h4 class=\"elementor-heading-title elementor-size-default\">En tren<\/h4>\t\t\t\t<\/div>\n\t\t\t\t<div class=\"elementor-element elementor-element-1f79b2c elementor-widget elementor-widget-text-editor\" data-id=\"1f79b2c\" data-element_type=\"widget\" data-e-type=\"widget\" data-widget_type=\"text-editor.default\">\n\t\t\t\t\t\t\t\t\t<p>Des de l&#8217;estaci\u00f3 de Sants cal agafar el <b>Rodalies<\/b> que porta directament a l&#8217;estaci\u00f3 de tren de <strong>L&#8217;Hospitalet de Llobregat.<\/strong><\/p><p>Hi ha una freq\u00fc\u00e8ncia de trens cada 5 minuts i el trajecte t\u00e9 una durada de 7 minuts. El trajecte \u00e9s directe.<\/p><p>Des de l&#8217;estaci\u00f3 de tren de L&#8217;Hospitalet de Llobregat cal caminar 9 minuts (550 m aprox.) fins arribar a l&#8217;entrada de l&#8217;esdeveniment.<\/p>\t\t\t\t\t\t\t\t<\/div>\n\t\t\t\t<\/div>\n\t\t<div class=\"elementor-element elementor-element-a3de5da e-con-full boxes_content e-flex e-con e-child\" data-id=\"a3de5da\" data-element_type=\"container\" data-e-type=\"container\" data-settings=\"{&quot;background_background&quot;:&quot;classic&quot;}\">\n\t\t\t\t<div class=\"elementor-element elementor-element-9d55e08 elementor-view-stacked elementor-shape-circle elementor-widget elementor-widget-icon\" data-id=\"9d55e08\" data-element_type=\"widget\" data-e-type=\"widget\" data-widget_type=\"icon.default\">\n\t\t\t\t\t\t\t<div class=\"elementor-icon-wrapper\">\n\t\t\t<div class=\"elementor-icon\">\n\t\t\t<svg xmlns=\"http:\/\/www.w3.org\/2000\/svg\" id=\"Layer_1\" data-name=\"Layer 1\" viewBox=\"0 0 24 24\" width=\"512\" height=\"512\"><path d=\"M20.9,4.291A5.011,5.011,0,0,0,16.2,1H7.8A5.011,5.011,0,0,0,3.1,4.291L.4,11.718A6.664,6.664,0,0,0,0,14v1a4.979,4.979,0,0,0,2,3.978c0,.008,0,.014,0,.022v2a3,3,0,0,0,6,0V20h8v1a3,3,0,0,0,6,0V19c0-.008,0-.014,0-.022A4.979,4.979,0,0,0,24,15V14a6.654,6.654,0,0,0-.4-2.281ZM4.982,4.975A3.009,3.009,0,0,1,7.8,3h8.4a3.009,3.009,0,0,1,2.82,1.975L21.208,11H2.791ZM6,21a1,1,0,0,1-2,0V19.9A5,5,0,0,0,5,20H6Zm14,0a1,1,0,0,1-2,0V20h1a5,5,0,0,0,1-.1Zm2-6a3,3,0,0,1-3,3H5a3,3,0,0,1-3-3V14a4.659,4.659,0,0,1,.121-1H4v1a1,1,0,0,0,2,0V13H18v1a1,1,0,0,0,2,0V13h1.879A4.652,4.652,0,0,1,22,14Z\"><\/path><\/svg>\t\t\t<\/div>\n\t\t<\/div>\n\t\t\t\t\t\t<\/div>\n\t\t\t\t<div class=\"elementor-element elementor-element-adbc278 elementor-widget elementor-widget-heading\" data-id=\"adbc278\" data-element_type=\"widget\" data-e-type=\"widget\" data-widget_type=\"heading.default\">\n\t\t\t\t\t<h4 class=\"elementor-heading-title elementor-size-default\">En cotxe<\/h4>\t\t\t\t<\/div>\n\t\t\t\t<div class=\"elementor-element elementor-element-4eb68a5 elementor-widget elementor-widget-text-editor\" data-id=\"4eb68a5\" data-element_type=\"widget\" data-e-type=\"widget\" data-widget_type=\"text-editor.default\">\n\t\t\t\t\t\t\t\t\t<p>El Centre Comercial La Farga disposa d\u00b4un p\u00e0rquing p\u00fablic al seu interior.<\/p><p>Hi ha 2 entrades:<br \/><strong>Carrer de Girona 16, L\u2019Hospitalet de Llobregat<\/strong><br \/><strong>Avinguda Isabel la Cat\u00f2lica 7, L\u2019Hospitalet de Llobregat<\/strong><\/p>\t\t\t\t\t\t\t\t<\/div>\n\t\t\t\t<\/div>\n\t\t<div class=\"elementor-element elementor-element-8cd60ed e-con-full boxes_content e-flex e-con e-child\" data-id=\"8cd60ed\" data-element_type=\"container\" data-e-type=\"container\" data-settings=\"{&quot;background_background&quot;:&quot;classic&quot;}\">\n\t\t\t\t<div class=\"elementor-element elementor-element-7b1dc3c elementor-view-stacked elementor-shape-circle elementor-widget elementor-widget-icon\" data-id=\"7b1dc3c\" data-element_type=\"widget\" data-e-type=\"widget\" data-widget_type=\"icon.default\">\n\t\t\t\t\t\t\t<div class=\"elementor-icon-wrapper\">\n\t\t\t<div class=\"elementor-icon\">\n\t\t\t<svg xmlns=\"http:\/\/www.w3.org\/2000\/svg\" id=\"Layer_1\" data-name=\"Layer 1\" viewBox=\"0 0 24 24\" width=\"512\" height=\"512\"><path d=\"M1.067,15.411l2.075,1.477c1.062,.755,2.317,1.14,3.572,1.14,.893,0,1.787-.195,2.612-.59l12.953-5.698c1.486-.71,2.133-2.504,1.441-4-.694-1.497-2.475-2.152-3.976-1.465l-3.143,1.402L9.982,3.591c-.882-.656-2.05-.774-3.052-.311l-.781,.366c-.611,.287-1.033,.857-1.129,1.525-.096,.669,.148,1.335,.654,1.783l4.204,3.72-3.591,1.602-3.057-1.122c-.984-.359-2.084-.041-2.735,.791-.392,.501-.556,1.132-.462,1.776,.099,.677,.475,1.292,1.033,1.688ZM7,5.457l.776-.364c.332-.154,.721-.113,1.085,.151l5.531,3.418-2.506,1.118L7,5.457ZM2.071,13.179c.098-.125,.224-.169,.334-.169,.05,0,3.574,1.285,3.574,1.285,.245,.09,.515,.081,.752-.025l13.833-6.171,.013-.006c.501-.231,1.096-.012,1.328,.487,.234,.507,.016,1.114-.46,1.342l-12.953,5.698c-1.357,.647-2.964,.51-4.191-.362l-2.075-1.476c-.114-.081-.193-.211-.213-.348-.015-.102,.005-.188,.058-.256Zm21.929,9.821c0,.553-.448,1-1,1H1c-.552,0-1-.447-1-1s.448-1,1-1H23c.552,0,1,.447,1,1Z\"><\/path><\/svg>\t\t\t<\/div>\n\t\t<\/div>\n\t\t\t\t\t\t<\/div>\n\t\t\t\t<div class=\"elementor-element elementor-element-ff40d4c elementor-widget elementor-widget-heading\" data-id=\"ff40d4c\" data-element_type=\"widget\" data-e-type=\"widget\" data-widget_type=\"heading.default\">\n\t\t\t\t\t<h4 class=\"elementor-heading-title elementor-size-default\">En avi\u00f3<\/h4>\t\t\t\t<\/div>\n\t\t\t\t<div class=\"elementor-element elementor-element-64e85d1 elementor-widget elementor-widget-text-editor\" data-id=\"64e85d1\" data-element_type=\"widget\" data-e-type=\"widget\" data-widget_type=\"text-editor.default\">\n\t\t\t\t\t\t\t\t\tAccedir a l&#8217;estaci\u00f3 de tren a l&#8217;interior de la <b>Terminal 2 de l&#8217;Aeroport de Barcelona<\/b> i dirigir-se a l&#8217;estaci\u00f3 de <b>Sants<\/b>. La l\u00ednia de tren \u00e9s la <b>R2 Nord <\/b>i en 18 minuts arribar\u00e0 a Sants.\n\nDes de l&#8217;estaci\u00f3 de Sants haur\u00e0 d&#8217;agafar el <b>Rodalies<\/b> que porta directament a l&#8217;estaci\u00f3 de tren de<b> L&#8217;Hospitalet de Llobregat.<\/b>\n\nHi ha una freq\u00fc\u00e8ncia de trens cada 5 minuts i el trajecte t\u00e9 una durada de 7 minuts. El trajecte \u00e9s directe.\n\nDes de l\u00b4estaci\u00f3 de tren de L\u00b4Hospitalet de Llobregat haureu de caminar 9 minuts (550 m aprox.) fins arribar a l&#8217;entrada de l&#8217;esdeveniment.\t\t\t\t\t\t\t\t<\/div>\n\t\t\t\t<\/div>\n\t\t\t\t\t<\/div>\n\t\t\t\t<\/div>\n\t\t\t\t<\/div>\n\t\t","protected":false},"excerpt":{"rendered":"<p>Com arribar a CUIDA Com arribara La Farga de L&#8217;Hospitalet La Farga de L&#8217;Hospitalet\u200b C\/ de Barcelona, 208901 L\u2019Hospitalet de LlobregatBarcelona En metro Accedir a la L\u00ednia 1 en direcci\u00f3 a Hospital de Bellvitge\u00a0i baixar a qualsevol d&#8217;aquestes dues parades: \u2022 Avinguda Carrilet\u2022 Rambla Just Oliveras Des de les dues parades de metro heu de [&hellip;]<\/p>\n","protected":false},"author":2,"featured_media":0,"parent":0,"menu_order":0,"comment_status":"closed","ping_status":"closed","template":"","meta":{"footnotes":""},"class_list":["post-790","page","type-page","status-publish","hentry"],"_links":{"self":[{"href":"https:\/\/expocuida.com\/ca\/wp-json\/wp\/v2\/pages\/790","targetHints":{"allow":["GET"]}}],"collection":[{"href":"https:\/\/expocuida.com\/ca\/wp-json\/wp\/v2\/pages"}],"about":[{"href":"https:\/\/expocuida.com\/ca\/wp-json\/wp\/v2\/types\/page"}],"author":[{"embeddable":true,"href":"https:\/\/expocuida.com\/ca\/wp-json\/wp\/v2\/users\/2"}],"replies":[{"embeddable":true,"href":"https:\/\/expocuida.com\/ca\/wp-json\/wp\/v2\/comments?post=790"}],"version-history":[{"count":5,"href":"https:\/\/expocuida.com\/ca\/wp-json\/wp\/v2\/pages\/790\/revisions"}],"predecessor-version":[{"id":918,"href":"https:\/\/expocuida.com\/ca\/wp-json\/wp\/v2\/pages\/790\/revisions\/918"}],"wp:attachment":[{"href":"https:\/\/expocuida.com\/ca\/wp-json\/wp\/v2\/media?parent=790"}],"curies":[{"name":"wp","href":"https:\/\/api.w.org\/{rel}","templated":true}]}}