{"id":782,"date":"2025-11-06T12:37:12","date_gmt":"2025-11-06T11:37:12","guid":{"rendered":"https:\/\/expocuida.com\/sobre-cuida\/"},"modified":"2026-04-27T19:10:49","modified_gmt":"2026-04-27T17:10:49","slug":"sobre-cuida","status":"publish","type":"page","link":"https:\/\/expocuida.com\/ca\/sobre-cuida\/","title":{"rendered":"Sobre CUIDA"},"content":{"rendered":"\t\t<div data-elementor-type=\"wp-page\" data-elementor-id=\"782\" class=\"elementor elementor-782 elementor-30\" data-elementor-post-type=\"page\">\n\t\t\t\t<div class=\"elementor-element elementor-element-f1c2486 e-flex e-con-boxed e-con e-parent\" data-id=\"f1c2486\" data-element_type=\"container\" data-e-type=\"container\">\n\t\t\t\t\t<div class=\"e-con-inner\">\n\t\t<div class=\"elementor-element elementor-element-f7da0a5 e-con-full e-flex e-con e-child\" data-id=\"f7da0a5\" data-element_type=\"container\" data-e-type=\"container\">\n\t\t\t\t<div class=\"elementor-element elementor-element-dec4453 elementor-widget elementor-widget-heading\" data-id=\"dec4453\" data-element_type=\"widget\" data-e-type=\"widget\" data-widget_type=\"heading.default\">\n\t\t\t\t\t<h5 class=\"elementor-heading-title elementor-size-default\">Tot sobre CUIDA<\/h5>\t\t\t\t<\/div>\n\t\t\t\t<div class=\"elementor-element elementor-element-7d07c8a elementor-widget elementor-widget-heading\" data-id=\"7d07c8a\" data-element_type=\"widget\" data-e-type=\"widget\" data-widget_type=\"heading.default\">\n\t\t\t\t\t<h2 class=\"elementor-heading-title elementor-size-default\">Per qu\u00e8 \u00e9s necessari CUIDA<\/h2>\t\t\t\t<\/div>\n\t\t\t\t<div class=\"elementor-element elementor-element-3551765 elementor-icon-list--layout-traditional elementor-list-item-link-full_width elementor-widget elementor-widget-icon-list\" data-id=\"3551765\" data-element_type=\"widget\" data-e-type=\"widget\" data-widget_type=\"icon-list.default\">\n\t\t\t\t\t\t\t<ul class=\"elementor-icon-list-items\">\n\t\t\t\t\t\t\t<li class=\"elementor-icon-list-item\">\n\t\t\t\t\t\t\t\t\t\t\t<span class=\"elementor-icon-list-icon\">\n\t\t\t\t\t\t\t<svg aria-hidden=\"true\" class=\"e-font-icon-svg e-fas-chevron-right\" viewBox=\"0 0 320 512\" xmlns=\"http:\/\/www.w3.org\/2000\/svg\"><path d=\"M285.476 272.971L91.132 467.314c-9.373 9.373-24.569 9.373-33.941 0l-22.667-22.667c-9.357-9.357-9.375-24.522-.04-33.901L188.505 256 34.484 101.255c-9.335-9.379-9.317-24.544.04-33.901l22.667-22.667c9.373-9.373 24.569-9.373 33.941 0L285.475 239.03c9.373 9.372 9.373 24.568.001 33.941z\"><\/path><\/svg>\t\t\t\t\t\t<\/span>\n\t\t\t\t\t\t\t\t\t\t<span class=\"elementor-icon-list-text\">L\u2019envelliment de la poblaci\u00f3 avan\u00e7a a gran velocitat i amb ell creix la demanda de cures de qualitat.<\/span>\n\t\t\t\t\t\t\t\t\t<\/li>\n\t\t\t\t\t\t\t\t<li class=\"elementor-icon-list-item\">\n\t\t\t\t\t\t\t\t\t\t\t<span class=\"elementor-icon-list-icon\">\n\t\t\t\t\t\t\t<svg aria-hidden=\"true\" class=\"e-font-icon-svg e-fas-chevron-right\" viewBox=\"0 0 320 512\" xmlns=\"http:\/\/www.w3.org\/2000\/svg\"><path d=\"M285.476 272.971L91.132 467.314c-9.373 9.373-24.569 9.373-33.941 0l-22.667-22.667c-9.357-9.357-9.375-24.522-.04-33.901L188.505 256 34.484 101.255c-9.335-9.379-9.317-24.544.04-33.901l22.667-22.667c9.373-9.373 24.569-9.373 33.941 0L285.475 239.03c9.373 9.372 9.373 24.568.001 33.941z\"><\/path><\/svg>\t\t\t\t\t\t<\/span>\n\t\t\t\t\t\t\t\t\t\t<span class=\"elementor-icon-list-text\">Els professionals del sector necessiten un espai espec\u00edfic, on actualitzar coneixements, descobrir noves solucions i generar aliances<\/span>\n\t\t\t\t\t\t\t\t\t<\/li>\n\t\t\t\t\t\t\t\t<li class=\"elementor-icon-list-item\">\n\t\t\t\t\t\t\t\t\t\t\t<span class=\"elementor-icon-list-icon\">\n\t\t\t\t\t\t\t<svg aria-hidden=\"true\" class=\"e-font-icon-svg e-fas-chevron-right\" viewBox=\"0 0 320 512\" xmlns=\"http:\/\/www.w3.org\/2000\/svg\"><path d=\"M285.476 272.971L91.132 467.314c-9.373 9.373-24.569 9.373-33.941 0l-22.667-22.667c-9.357-9.357-9.375-24.522-.04-33.901L188.505 256 34.484 101.255c-9.335-9.379-9.317-24.544.04-33.901l22.667-22.667c9.373-9.373 24.569-9.373 33.941 0L285.475 239.03c9.373 9.372 9.373 24.568.001 33.941z\"><\/path><\/svg>\t\t\t\t\t\t<\/span>\n\t\t\t\t\t\t\t\t\t\t<span class=\"elementor-icon-list-text\">La innovaci\u00f3 tecnol\u00f2gica, la transformaci\u00f3 dels models assistencials, la humanitzaci\u00f3 i personificaci\u00f3 de la cura requereixen un ecosistema que afavoreixi la trobada entre actors p\u00fablics i privats<\/span>\n\t\t\t\t\t\t\t\t\t<\/li>\n\t\t\t\t\t\t\t\t<li class=\"elementor-icon-list-item\">\n\t\t\t\t\t\t\t\t\t\t\t<span class=\"elementor-icon-list-icon\">\n\t\t\t\t\t\t\t<svg aria-hidden=\"true\" class=\"e-font-icon-svg e-fas-chevron-right\" viewBox=\"0 0 320 512\" xmlns=\"http:\/\/www.w3.org\/2000\/svg\"><path d=\"M285.476 272.971L91.132 467.314c-9.373 9.373-24.569 9.373-33.941 0l-22.667-22.667c-9.357-9.357-9.375-24.522-.04-33.901L188.505 256 34.484 101.255c-9.335-9.379-9.317-24.544.04-33.901l22.667-22.667c9.373-9.373 24.569-9.373 33.941 0L285.475 239.03c9.373 9.372 9.373 24.568.001 33.941z\"><\/path><\/svg>\t\t\t\t\t\t<\/span>\n\t\t\t\t\t\t\t\t\t\t<span class=\"elementor-icon-list-text\">Espanya es situa entre els pa\u00efsos amb major esperan\u00e7a de vida, cosa que planteja nous reptes i oportunitats per a empreses i professionals compromesos amb el benestar i la dignitat de les persones grans.<\/span>\n\t\t\t\t\t\t\t\t\t<\/li>\n\t\t\t\t\t\t<\/ul>\n\t\t\t\t\t\t<\/div>\n\t\t\t\t<\/div>\n\t\t<div class=\"elementor-element elementor-element-454fed9 e-con-full e-flex e-con e-child\" data-id=\"454fed9\" data-element_type=\"container\" data-e-type=\"container\">\n\t\t\t\t<div class=\"elementor-element elementor-element-6873245 elementor-widget elementor-widget-image\" data-id=\"6873245\" data-element_type=\"widget\" data-e-type=\"widget\" data-widget_type=\"image.default\">\n\t\t\t\t\t\t\t\t\t\t\t\t\t\t\t<img fetchpriority=\"high\" decoding=\"async\" width=\"660\" height=\"660\" src=\"https:\/\/expocuida.com\/wp-content\/uploads\/img_todos_sobre_cuida.png\" class=\"attachment-1536x1536 size-1536x1536 wp-image-794\" alt=\"\" srcset=\"https:\/\/expocuida.com\/wp-content\/uploads\/img_todos_sobre_cuida.png 660w, https:\/\/expocuida.com\/wp-content\/uploads\/img_todos_sobre_cuida-300x300.png 300w\" sizes=\"(max-width: 660px) 100vw, 660px\" \/>\t\t\t\t\t\t\t\t\t\t\t\t\t\t\t<\/div>\n\t\t\t\t<\/div>\n\t\t\t\t\t<\/div>\n\t\t\t\t<\/div>\n\t\t<div class=\"elementor-element elementor-element-ae95b6c e-flex e-con-boxed e-con e-parent\" data-id=\"ae95b6c\" data-element_type=\"container\" data-e-type=\"container\" data-settings=\"{&quot;background_background&quot;:&quot;classic&quot;}\">\n\t\t\t\t\t<div class=\"e-con-inner\">\n\t\t\t\t<div class=\"elementor-element elementor-element-f95aa8a elementor-widget elementor-widget-heading\" data-id=\"f95aa8a\" data-element_type=\"widget\" data-e-type=\"widget\" data-widget_type=\"heading.default\">\n\t\t\t\t\t<h2 class=\"elementor-heading-title elementor-size-default\">Fitxa T\u00e8cnica<\/h2>\t\t\t\t<\/div>\n\t\t<div class=\"elementor-element elementor-element-ed96453 e-grid e-con-full e-con e-child\" data-id=\"ed96453\" data-element_type=\"container\" data-e-type=\"container\">\n\t\t<div class=\"elementor-element elementor-element-f14fe46 e-con-full e-flex e-con e-child\" data-id=\"f14fe46\" data-element_type=\"container\" data-e-type=\"container\" data-settings=\"{&quot;background_background&quot;:&quot;classic&quot;}\">\n\t\t\t\t<div class=\"elementor-element elementor-element-ec5c38d elementor-view-default elementor-widget elementor-widget-icon\" data-id=\"ec5c38d\" data-element_type=\"widget\" data-e-type=\"widget\" data-widget_type=\"icon.default\">\n\t\t\t\t\t\t\t<div class=\"elementor-icon-wrapper\">\n\t\t\t<div class=\"elementor-icon\">\n\t\t\t<svg xmlns=\"http:\/\/www.w3.org\/2000\/svg\" id=\"Outline\" viewBox=\"0 0 24 24\" width=\"512\" height=\"512\"><path d=\"M12,8a4,4,0,1,0,4,4A4,4,0,0,0,12,8Zm0,6a2,2,0,1,1,2-2A2,2,0,0,1,12,14Z\"><\/path><path d=\"M21.294,13.9l-.444-.256a9.1,9.1,0,0,0,0-3.29l.444-.256a3,3,0,1,0-3-5.2l-.445.257A8.977,8.977,0,0,0,15,3.513V3A3,3,0,0,0,9,3v.513A8.977,8.977,0,0,0,6.152,5.159L5.705,4.9a3,3,0,0,0-3,5.2l.444.256a9.1,9.1,0,0,0,0,3.29l-.444.256a3,3,0,1,0,3,5.2l.445-.257A8.977,8.977,0,0,0,9,20.487V21a3,3,0,0,0,6,0v-.513a8.977,8.977,0,0,0,2.848-1.646l.447.258a3,3,0,0,0,3-5.2Zm-2.548-3.776a7.048,7.048,0,0,1,0,3.75,1,1,0,0,0,.464,1.133l1.084.626a1,1,0,0,1-1,1.733l-1.086-.628a1,1,0,0,0-1.215.165,6.984,6.984,0,0,1-3.243,1.875,1,1,0,0,0-.751.969V21a1,1,0,0,1-2,0V19.748a1,1,0,0,0-.751-.969A6.984,6.984,0,0,1,7.006,16.9a1,1,0,0,0-1.215-.165l-1.084.627a1,1,0,1,1-1-1.732l1.084-.626a1,1,0,0,0,.464-1.133,7.048,7.048,0,0,1,0-3.75A1,1,0,0,0,4.79,8.992L3.706,8.366a1,1,0,0,1,1-1.733l1.086.628A1,1,0,0,0,7.006,7.1a6.984,6.984,0,0,1,3.243-1.875A1,1,0,0,0,11,4.252V3a1,1,0,0,1,2,0V4.252a1,1,0,0,0,.751.969A6.984,6.984,0,0,1,16.994,7.1a1,1,0,0,0,1.215.165l1.084-.627a1,1,0,1,1,1,1.732l-1.084.626A1,1,0,0,0,18.746,10.125Z\"><\/path><\/svg>\t\t\t<\/div>\n\t\t<\/div>\n\t\t\t\t\t\t<\/div>\n\t\t\t\t<div class=\"elementor-element elementor-element-d467270 elementor-widget elementor-widget-heading\" data-id=\"d467270\" data-element_type=\"widget\" data-e-type=\"widget\" data-widget_type=\"heading.default\">\n\t\t\t\t\t<h4 class=\"elementor-heading-title elementor-size-default\">Sector<\/h4>\t\t\t\t<\/div>\n\t\t\t\t<div class=\"elementor-element elementor-element-4977c3c elementor-widget elementor-widget-text-editor\" data-id=\"4977c3c\" data-element_type=\"widget\" data-e-type=\"widget\" data-widget_type=\"text-editor.default\">\n\t\t\t\t\t\t\t\t\t<p>Cura, depend\u00e8ncia, serveis sociosanitaris, innovaci\u00f3 assistencial, benestar, tecnologia<\/p>\t\t\t\t\t\t\t\t<\/div>\n\t\t\t\t<\/div>\n\t\t<div class=\"elementor-element elementor-element-4fe742a e-con-full e-flex e-con e-child\" data-id=\"4fe742a\" data-element_type=\"container\" data-e-type=\"container\" data-settings=\"{&quot;background_background&quot;:&quot;classic&quot;}\">\n\t\t\t\t<div class=\"elementor-element elementor-element-7410a9a elementor-view-default elementor-widget elementor-widget-icon\" data-id=\"7410a9a\" data-element_type=\"widget\" data-e-type=\"widget\" data-widget_type=\"icon.default\">\n\t\t\t\t\t\t\t<div class=\"elementor-icon-wrapper\">\n\t\t\t<div class=\"elementor-icon\">\n\t\t\t<svg xmlns=\"http:\/\/www.w3.org\/2000\/svg\" id=\"Outline\" viewBox=\"0 0 24 24\" width=\"512\" height=\"512\"><path d=\"M12,0A12,12,0,1,0,24,12,12.013,12.013,0,0,0,12,0Zm8.647,7H17.426a19.676,19.676,0,0,0-2.821-4.644A10.031,10.031,0,0,1,20.647,7ZM16.5,12a10.211,10.211,0,0,1-.476,3H7.976A10.211,10.211,0,0,1,7.5,12a10.211,10.211,0,0,1,.476-3h8.048A10.211,10.211,0,0,1,16.5,12ZM8.778,17h6.444A19.614,19.614,0,0,1,12,21.588,19.57,19.57,0,0,1,8.778,17Zm0-10A19.614,19.614,0,0,1,12,2.412,19.57,19.57,0,0,1,15.222,7ZM9.4,2.356A19.676,19.676,0,0,0,6.574,7H3.353A10.031,10.031,0,0,1,9.4,2.356ZM2.461,9H5.9a12.016,12.016,0,0,0-.4,3,12.016,12.016,0,0,0,.4,3H2.461a9.992,9.992,0,0,1,0-6Zm.892,8H6.574A19.676,19.676,0,0,0,9.4,21.644,10.031,10.031,0,0,1,3.353,17Zm11.252,4.644A19.676,19.676,0,0,0,17.426,17h3.221A10.031,10.031,0,0,1,14.605,21.644ZM21.539,15H18.1a12.016,12.016,0,0,0,.4-3,12.016,12.016,0,0,0-.4-3h3.437a9.992,9.992,0,0,1,0,6Z\"><\/path><\/svg>\t\t\t<\/div>\n\t\t<\/div>\n\t\t\t\t\t\t<\/div>\n\t\t\t\t<div class=\"elementor-element elementor-element-70d90c8 elementor-widget elementor-widget-heading\" data-id=\"70d90c8\" data-element_type=\"widget\" data-e-type=\"widget\" data-widget_type=\"heading.default\">\n\t\t\t\t\t<h4 class=\"elementor-heading-title elementor-size-default\">\u00c0mbit<\/h4>\t\t\t\t<\/div>\n\t\t\t\t<div class=\"elementor-element elementor-element-609b90b elementor-widget elementor-widget-text-editor\" data-id=\"609b90b\" data-element_type=\"widget\" data-e-type=\"widget\" data-widget_type=\"text-editor.default\">\n\t\t\t\t\t\t\t\t\t<p>Internacional<\/p>\t\t\t\t\t\t\t\t<\/div>\n\t\t\t\t<\/div>\n\t\t<div class=\"elementor-element elementor-element-15334bb e-con-full e-flex e-con e-child\" data-id=\"15334bb\" data-element_type=\"container\" data-e-type=\"container\" data-settings=\"{&quot;background_background&quot;:&quot;classic&quot;}\">\n\t\t\t\t<div class=\"elementor-element elementor-element-7fd2980 elementor-view-default elementor-widget elementor-widget-icon\" data-id=\"7fd2980\" data-element_type=\"widget\" data-e-type=\"widget\" data-widget_type=\"icon.default\">\n\t\t\t\t\t\t\t<div class=\"elementor-icon-wrapper\">\n\t\t\t<div class=\"elementor-icon\">\n\t\t\t<svg xmlns=\"http:\/\/www.w3.org\/2000\/svg\" id=\"Layer_1\" data-name=\"Layer 1\" viewBox=\"0 0 24 24\" width=\"512\" height=\"512\"><path d=\"M17,10.039c-3.859,0-7,3.14-7,7,0,3.838,3.141,6.961,7,6.961s7-3.14,7-7c0-3.838-3.141-6.961-7-6.961Zm0,11.961c-2.757,0-5-2.226-5-4.961,0-2.757,2.243-5,5-5s5,2.226,5,4.961c0,2.757-2.243,5-5,5Zm1.707-4.707c.391,.391,.391,1.023,0,1.414-.195,.195-.451,.293-.707,.293s-.512-.098-.707-.293l-1-1c-.188-.188-.293-.442-.293-.707v-2c0-.552,.447-1,1-1s1,.448,1,1v1.586l.707,.707Zm5.293-10.293v2c0,.552-.447,1-1,1s-1-.448-1-1v-2c0-1.654-1.346-3-3-3H5c-1.654,0-3,1.346-3,3v1H11c.552,0,1,.448,1,1s-.448,1-1,1H2v9c0,1.654,1.346,3,3,3h4c.552,0,1,.448,1,1s-.448,1-1,1H5c-2.757,0-5-2.243-5-5V7C0,4.243,2.243,2,5,2h1V1c0-.552,.448-1,1-1s1,.448,1,1v1h8V1c0-.552,.447-1,1-1s1,.448,1,1v1h1c2.757,0,5,2.243,5,5Z\"><\/path><\/svg>\t\t\t<\/div>\n\t\t<\/div>\n\t\t\t\t\t\t<\/div>\n\t\t\t\t<div class=\"elementor-element elementor-element-3021631 elementor-widget elementor-widget-heading\" data-id=\"3021631\" data-element_type=\"widget\" data-e-type=\"widget\" data-widget_type=\"heading.default\">\n\t\t\t\t\t<h4 class=\"elementor-heading-title elementor-size-default\">Dates i horari<\/h4>\t\t\t\t<\/div>\n\t\t\t\t<div class=\"elementor-element elementor-element-2506160 elementor-widget elementor-widget-text-editor\" data-id=\"2506160\" data-element_type=\"widget\" data-e-type=\"widget\" data-widget_type=\"text-editor.default\">\n\t\t\t\t\t\t\t\t\t<p>27 y 28 de maig de 09:00 h a 19:00 h<\/p>\t\t\t\t\t\t\t\t<\/div>\n\t\t\t\t<\/div>\n\t\t<div class=\"elementor-element elementor-element-f334649 e-con-full e-flex e-con e-child\" data-id=\"f334649\" data-element_type=\"container\" data-e-type=\"container\" data-settings=\"{&quot;background_background&quot;:&quot;classic&quot;}\">\n\t\t\t\t<div class=\"elementor-element elementor-element-d9ac669 elementor-view-default elementor-widget elementor-widget-icon\" data-id=\"d9ac669\" data-element_type=\"widget\" data-e-type=\"widget\" data-widget_type=\"icon.default\">\n\t\t\t\t\t\t\t<div class=\"elementor-icon-wrapper\">\n\t\t\t<div class=\"elementor-icon\">\n\t\t\t<svg xmlns=\"http:\/\/www.w3.org\/2000\/svg\" id=\"Outline\" viewBox=\"0 0 24 24\" width=\"512\" height=\"512\"><path d=\"M12,6a4,4,0,1,0,4,4A4,4,0,0,0,12,6Zm0,6a2,2,0,1,1,2-2A2,2,0,0,1,12,12Z\"><\/path><path d=\"M12,24a5.271,5.271,0,0,1-4.311-2.2c-3.811-5.257-5.744-9.209-5.744-11.747a10.055,10.055,0,0,1,20.11,0c0,2.538-1.933,6.49-5.744,11.747A5.271,5.271,0,0,1,12,24ZM12,2.181a7.883,7.883,0,0,0-7.874,7.874c0,2.01,1.893,5.727,5.329,10.466a3.145,3.145,0,0,0,5.09,0c3.436-4.739,5.329-8.456,5.329-10.466A7.883,7.883,0,0,0,12,2.181Z\"><\/path><\/svg>\t\t\t<\/div>\n\t\t<\/div>\n\t\t\t\t\t\t<\/div>\n\t\t\t\t<div class=\"elementor-element elementor-element-8f3d73b elementor-widget elementor-widget-heading\" data-id=\"8f3d73b\" data-element_type=\"widget\" data-e-type=\"widget\" data-widget_type=\"heading.default\">\n\t\t\t\t\t<h4 class=\"elementor-heading-title elementor-size-default\">Lloc d\u2019organitzaci\u00f3<\/h4>\t\t\t\t<\/div>\n\t\t\t\t<div class=\"elementor-element elementor-element-f083b31 elementor-widget elementor-widget-text-editor\" data-id=\"f083b31\" data-element_type=\"widget\" data-e-type=\"widget\" data-widget_type=\"text-editor.default\">\n\t\t\t\t\t\t\t\t\t<p>Barcelona, Espanya<\/p>\t\t\t\t\t\t\t\t<\/div>\n\t\t\t\t<\/div>\n\t\t<div class=\"elementor-element elementor-element-8e85e56 e-con-full e-flex e-con e-child\" data-id=\"8e85e56\" data-element_type=\"container\" data-e-type=\"container\" data-settings=\"{&quot;background_background&quot;:&quot;classic&quot;}\">\n\t\t\t\t<div class=\"elementor-element elementor-element-8369dbe elementor-view-default elementor-widget elementor-widget-icon\" data-id=\"8369dbe\" data-element_type=\"widget\" data-e-type=\"widget\" data-widget_type=\"icon.default\">\n\t\t\t\t\t\t\t<div class=\"elementor-icon-wrapper\">\n\t\t\t<div class=\"elementor-icon\">\n\t\t\t<svg xmlns=\"http:\/\/www.w3.org\/2000\/svg\" id=\"Layer_1\" data-name=\"Layer 1\" viewBox=\"0 0 24 24\" width=\"512\" height=\"512\"><path d=\"M16,14c0,.552-.448,1-1,1h-1c-.552,0-1-.448-1-1s.448-1,1-1h1c.552,0,1,.448,1,1Zm3-1h-1c-.552,0-1,.448-1,1s.448,1,1,1h1c.552,0,1-.448,1-1s-.448-1-1-1Zm-4,4h-1c-.552,0-1,.448-1,1s.448,1,1,1h1c.552,0,1-.448,1-1s-.448-1-1-1Zm4,0h-1c-.552,0-1,.448-1,1s.448,1,1,1h1c.552,0,1-.448,1-1s-.448-1-1-1ZM15,5h-1c-.552,0-1,.448-1,1s.448,1,1,1h1c.552,0,1-.448,1-1s-.448-1-1-1Zm4,0h-1c-.552,0-1,.448-1,1s.448,1,1,1h1c.552,0,1-.448,1-1s-.448-1-1-1Zm-4,4h-1c-.552,0-1,.448-1,1s.448,1,1,1h1c.552,0,1-.448,1-1s-.448-1-1-1Zm4,0h-1c-.552,0-1,.448-1,1s.448,1,1,1h1c.552,0,1-.448,1-1s-.448-1-1-1Zm5-4v14c0,2.757-2.243,5-5,5H5c-2.757,0-5-2.243-5-5V9.258c0-1.351,.558-2.664,1.531-3.601l1.888-1.818c1.167-1.125,2.995-1.124,4.162,0l1.419,1.367v-.206c0-2.757,2.243-5,5-5h5c2.757,0,5,2.243,5,5Zm-15,4.258c0-.811-.335-1.598-.919-2.161l-1.888-1.818c-.194-.188-.444-.281-.693-.281s-.499,.093-.693,.281l-1.888,1.818c-.584,.562-.919,1.35-.919,2.161v9.742c0,1.654,1.346,3,3,3h4V9.258Zm13-4.258c0-1.654-1.346-3-3-3h-5c-1.654,0-3,1.346-3,3V22h8c1.654,0,3-1.346,3-3V5ZM6,13h-1c-.552,0-1,.448-1,1s.448,1,1,1h1c.552,0,1-.448,1-1s-.448-1-1-1Zm0-4h-1c-.552,0-1,.448-1,1s.448,1,1,1h1c.552,0,1-.448,1-1s-.448-1-1-1Zm0,8h-1c-.552,0-1,.448-1,1s.448,1,1,1h1c.552,0,1-.448,1-1s-.448-1-1-1Z\"><\/path><\/svg>\t\t\t<\/div>\n\t\t<\/div>\n\t\t\t\t\t\t<\/div>\n\t\t\t\t<div class=\"elementor-element elementor-element-b5f7b6e elementor-widget elementor-widget-heading\" data-id=\"b5f7b6e\" data-element_type=\"widget\" data-e-type=\"widget\" data-widget_type=\"heading.default\">\n\t\t\t\t\t<h4 class=\"elementor-heading-title elementor-size-default\">Recinte<\/h4>\t\t\t\t<\/div>\n\t\t\t\t<div class=\"elementor-element elementor-element-6af7b6a elementor-widget elementor-widget-text-editor\" data-id=\"6af7b6a\" data-element_type=\"widget\" data-e-type=\"widget\" data-widget_type=\"text-editor.default\">\n\t\t\t\t\t\t\t\t\t<p>La Farga de L\u2019Hospitalet<\/p><p><strong style=\"font-size: 15px;\"><a href=\"https:\/\/expocuida.com\/ca\/com-arribar-a-cuida\/\">Com arribar-hi?<\/a><\/strong><\/p>\t\t\t\t\t\t\t\t<\/div>\n\t\t\t\t<\/div>\n\t\t<div class=\"elementor-element elementor-element-3168b9a e-con-full e-flex e-con e-child\" data-id=\"3168b9a\" data-element_type=\"container\" data-e-type=\"container\" data-settings=\"{&quot;background_background&quot;:&quot;classic&quot;}\">\n\t\t\t\t<div class=\"elementor-element elementor-element-040fa6f elementor-view-default elementor-widget elementor-widget-icon\" data-id=\"040fa6f\" data-element_type=\"widget\" data-e-type=\"widget\" data-widget_type=\"icon.default\">\n\t\t\t\t\t\t\t<div class=\"elementor-icon-wrapper\">\n\t\t\t<div class=\"elementor-icon\">\n\t\t\t<svg xmlns=\"http:\/\/www.w3.org\/2000\/svg\" id=\"Layer_1\" data-name=\"Layer 1\" viewBox=\"0 0 24 24\"><path d=\"M18,8c2.206,0,4-1.794,4-4S20.206,0,18,0s-4,1.794-4,4,1.794,4,4,4Zm0-6c1.103,0,2,.897,2,2s-.897,2-2,2-2-.897-2-2,.897-2,2-2ZM8,11c0,2.206,1.794,4,4,4s4-1.794,4-4-1.794-4-4-4-4,1.794-4,4Zm4-2c1.103,0,2,.897,2,2s-.897,2-2,2-2-.897-2-2,.897-2,2-2Zm-6-1c2.206,0,4-1.794,4-4S8.206,0,6,0,2,1.794,2,4s1.794,4,4,4Zm0-6c1.103,0,2,.897,2,2s-.897,2-2,2-2-.897-2-2,.897-2,2-2ZM23,22h-5c0-3.309-2.691-6-6-6s-6,2.691-6,6H1c-.553,0-1,.447-1,1s.447,1,1,1H23c.553,0,1-.447,1-1s-.447-1-1-1Zm-11-4c2.206,0,4,1.794,4,4H8c0-2.206,1.794-4,4-4Zm12-2c0,.553-.447,1-1,1s-1-.447-1-1c0-1.922-1.375-3.65-3.199-4.02-.541-.11-.891-.638-.781-1.18,.11-.54,.633-.886,1.18-.781,2.781,.564,4.801,3.08,4.801,5.98ZM0,16c0-2.9,2.02-5.416,4.801-5.98,.55-.102,1.069,.241,1.18,.781,.109,.542-.24,1.069-.781,1.18-1.824,.369-3.199,2.098-3.199,4.02,0,.553-.447,1-1,1s-1-.447-1-1Z\"><\/path><\/svg>\t\t\t<\/div>\n\t\t<\/div>\n\t\t\t\t\t\t<\/div>\n\t\t\t\t<div class=\"elementor-element elementor-element-5c78e32 elementor-widget elementor-widget-heading\" data-id=\"5c78e32\" data-element_type=\"widget\" data-e-type=\"widget\" data-widget_type=\"heading.default\">\n\t\t\t\t\t<h4 class=\"elementor-heading-title elementor-size-default\">Organitza<\/h4>\t\t\t\t<\/div>\n\t\t\t\t<div class=\"elementor-element elementor-element-c7a94b5 elementor-widget elementor-widget-text-editor\" data-id=\"c7a94b5\" data-element_type=\"widget\" data-e-type=\"widget\" data-widget_type=\"text-editor.default\">\n\t\t\t\t\t\t\t\t\t<p>Profei SL<br \/>Fundaci\u00f3 FiraGran<\/p>\t\t\t\t\t\t\t\t<\/div>\n\t\t\t\t<\/div>\n\t\t\t\t<\/div>\n\t\t\t\t\t<\/div>\n\t\t\t\t<\/div>\n\t\t<div class=\"elementor-element elementor-element-e6c2d98 e-flex e-con-boxed e-con e-parent\" data-id=\"e6c2d98\" data-element_type=\"container\" data-e-type=\"container\" data-settings=\"{&quot;background_background&quot;:&quot;classic&quot;}\">\n\t\t\t\t\t<div class=\"e-con-inner\">\n\t\t\t\t<div class=\"elementor-element elementor-element-c19b7e0 elementor-widget elementor-widget-heading\" data-id=\"c19b7e0\" data-element_type=\"widget\" data-e-type=\"widget\" data-widget_type=\"heading.default\">\n\t\t\t\t\t<h2 class=\"elementor-heading-title elementor-size-default\">Entitats organizadores<\/h2>\t\t\t\t<\/div>\n\t\t<div class=\"elementor-element elementor-element-0a4dfa5 e-grid e-con-full e-con e-child\" data-id=\"0a4dfa5\" data-element_type=\"container\" data-e-type=\"container\">\n\t\t<div class=\"elementor-element elementor-element-876b409 e-con-full e-flex e-con e-child\" data-id=\"876b409\" data-element_type=\"container\" data-e-type=\"container\" data-settings=\"{&quot;background_background&quot;:&quot;classic&quot;}\">\n\t\t\t\t<div class=\"elementor-element elementor-element-96865de elementor-widget elementor-widget-image\" data-id=\"96865de\" data-element_type=\"widget\" data-e-type=\"widget\" data-widget_type=\"image.default\">\n\t\t\t\t\t\t\t\t\t\t\t\t\t\t\t<img decoding=\"async\" width=\"552\" height=\"144\" src=\"https:\/\/expocuida.com\/wp-content\/uploads\/logotipo_profei.png\" class=\"attachment-medium_large size-medium_large wp-image-795\" alt=\"Profei S.L.\" \/>\t\t\t\t\t\t\t\t\t\t\t\t\t\t\t<\/div>\n\t\t\t\t<div class=\"elementor-element elementor-element-31fce77 elementor-widget elementor-widget-heading\" data-id=\"31fce77\" data-element_type=\"widget\" data-e-type=\"widget\" data-widget_type=\"heading.default\">\n\t\t\t\t\t<h4 class=\"elementor-heading-title elementor-size-default\">Profei SL<\/h4>\t\t\t\t<\/div>\n\t\t\t\t<div class=\"elementor-element elementor-element-6c6973b elementor-widget elementor-widget-text-editor\" data-id=\"6c6973b\" data-element_type=\"widget\" data-e-type=\"widget\" data-widget_type=\"text-editor.default\">\n\t\t\t\t\t\t\t\t\tEmpresa que des de 1992 est\u00e0 especialitzada en l&#8217;organitzaci\u00f3 de fires i congressos internacionals amb seus a Espanya i Portugal.\t\t\t\t\t\t\t\t<\/div>\n\t\t\t\t<div class=\"elementor-element elementor-element-5d325f2 elementor-widget elementor-widget-button\" data-id=\"5d325f2\" data-element_type=\"widget\" data-e-type=\"widget\" data-widget_type=\"button.default\">\n\t\t\t\t\t\t\t\t\t\t<a class=\"elementor-button elementor-button-link elementor-size-sm\" href=\"https:\/\/profei.com\/\" target=\"_blank\">\n\t\t\t\t\t\t<span class=\"elementor-button-content-wrapper\">\n\t\t\t\t\t\t\t\t\t<span class=\"elementor-button-text\">visitar web<\/span>\n\t\t\t\t\t<\/span>\n\t\t\t\t\t<\/a>\n\t\t\t\t\t\t\t\t<\/div>\n\t\t\t\t<\/div>\n\t\t<div class=\"elementor-element elementor-element-dea5149 e-con-full e-flex e-con e-child\" data-id=\"dea5149\" data-element_type=\"container\" data-e-type=\"container\" data-settings=\"{&quot;background_background&quot;:&quot;classic&quot;}\">\n\t\t\t\t<div class=\"elementor-element elementor-element-2f42cfd elementor-widget elementor-widget-image\" data-id=\"2f42cfd\" data-element_type=\"widget\" data-e-type=\"widget\" data-widget_type=\"image.default\">\n\t\t\t\t\t\t\t\t\t\t\t\t\t\t\t<img decoding=\"async\" width=\"452\" height=\"144\" src=\"https:\/\/expocuida.com\/wp-content\/uploads\/logotipo_fundacio_firagran.png\" class=\"attachment-medium_large size-medium_large wp-image-796\" alt=\"Fundaci\u00f3 FiraGran\" \/>\t\t\t\t\t\t\t\t\t\t\t\t\t\t\t<\/div>\n\t\t\t\t<div class=\"elementor-element elementor-element-e655064 elementor-widget elementor-widget-heading\" data-id=\"e655064\" data-element_type=\"widget\" data-e-type=\"widget\" data-widget_type=\"heading.default\">\n\t\t\t\t\t<h4 class=\"elementor-heading-title elementor-size-default\">Fundaci\u00f3 Firagran<\/h4>\t\t\t\t<\/div>\n\t\t\t\t<div class=\"elementor-element elementor-element-6da7bea elementor-widget elementor-widget-text-editor\" data-id=\"6da7bea\" data-element_type=\"widget\" data-e-type=\"widget\" data-widget_type=\"text-editor.default\">\n\t\t\t\t\t\t\t\t\tEntitat sense \u00e0nim de lucre que t\u00e9 com a objectiu realitzar accions per millorar la qualitat de vida de les persones grans, promoure un envelliment actiu i participatiu i defensar els interessos de les persones grans.\t\t\t\t\t\t\t\t<\/div>\n\t\t\t\t<div class=\"elementor-element elementor-element-4216099 elementor-widget elementor-widget-button\" data-id=\"4216099\" data-element_type=\"widget\" data-e-type=\"widget\" data-widget_type=\"button.default\">\n\t\t\t\t\t\t\t\t\t\t<a class=\"elementor-button elementor-button-link elementor-size-sm\" href=\"https:\/\/firagran.com\/fundacio-firagran\/\" target=\"_blank\">\n\t\t\t\t\t\t<span class=\"elementor-button-content-wrapper\">\n\t\t\t\t\t\t\t\t\t<span class=\"elementor-button-text\">visitar web<\/span>\n\t\t\t\t\t<\/span>\n\t\t\t\t\t<\/a>\n\t\t\t\t\t\t\t\t<\/div>\n\t\t\t\t<\/div>\n\t\t\t\t<\/div>\n\t\t\t\t\t<\/div>\n\t\t\t\t<\/div>\n\t\t\t\t<\/div>\n\t\t","protected":false},"excerpt":{"rendered":"<p>Tot sobre CUIDA Per qu\u00e8 \u00e9s necessari CUIDA L\u2019envelliment de la poblaci\u00f3 avan\u00e7a a gran velocitat i amb ell creix la demanda de cures de qualitat. Els professionals del sector necessiten un espai espec\u00edfic, on actualitzar coneixements, descobrir noves solucions i generar aliances La innovaci\u00f3 tecnol\u00f2gica, la transformaci\u00f3 dels models assistencials, la humanitzaci\u00f3 i personificaci\u00f3 [&hellip;]<\/p>\n","protected":false},"author":2,"featured_media":0,"parent":0,"menu_order":0,"comment_status":"closed","ping_status":"closed","template":"","meta":{"footnotes":""},"class_list":["post-782","page","type-page","status-publish","hentry"],"_links":{"self":[{"href":"https:\/\/expocuida.com\/ca\/wp-json\/wp\/v2\/pages\/782","targetHints":{"allow":["GET"]}}],"collection":[{"href":"https:\/\/expocuida.com\/ca\/wp-json\/wp\/v2\/pages"}],"about":[{"href":"https:\/\/expocuida.com\/ca\/wp-json\/wp\/v2\/types\/page"}],"author":[{"embeddable":true,"href":"https:\/\/expocuida.com\/ca\/wp-json\/wp\/v2\/users\/2"}],"replies":[{"embeddable":true,"href":"https:\/\/expocuida.com\/ca\/wp-json\/wp\/v2\/comments?post=782"}],"version-history":[{"count":5,"href":"https:\/\/expocuida.com\/ca\/wp-json\/wp\/v2\/pages\/782\/revisions"}],"predecessor-version":[{"id":2186,"href":"https:\/\/expocuida.com\/ca\/wp-json\/wp\/v2\/pages\/782\/revisions\/2186"}],"wp:attachment":[{"href":"https:\/\/expocuida.com\/ca\/wp-json\/wp\/v2\/media?parent=782"}],"curies":[{"name":"wp","href":"https:\/\/api.w.org\/{rel}","templated":true}]}}