{"id":771,"date":"2025-11-06T12:17:35","date_gmt":"2025-11-06T11:17:35","guid":{"rendered":"https:\/\/expocuida.com\/inicio\/"},"modified":"2026-05-04T17:51:19","modified_gmt":"2026-05-04T15:51:19","slug":"inicio","status":"publish","type":"page","link":"https:\/\/expocuida.com\/ca\/","title":{"rendered":"Inici"},"content":{"rendered":"\t\t<div data-elementor-type=\"wp-page\" data-elementor-id=\"771\" class=\"elementor elementor-771 elementor-20\" data-elementor-post-type=\"page\">\n\t\t\t\t<div class=\"elementor-element elementor-element-e60a279 e-flex e-con-boxed e-con e-parent\" data-id=\"e60a279\" data-element_type=\"container\" data-e-type=\"container\">\n\t\t\t\t\t<div class=\"e-con-inner\">\n\t\t<div class=\"elementor-element elementor-element-66bd7af e-con-full e-flex e-con e-child\" data-id=\"66bd7af\" data-element_type=\"container\" data-e-type=\"container\">\n\t\t\t\t<div class=\"elementor-element elementor-element-8ca5a5e elementor-widget elementor-widget-heading\" data-id=\"8ca5a5e\" data-element_type=\"widget\" data-e-type=\"widget\" data-widget_type=\"heading.default\">\n\t\t\t\t\t<h5 class=\"elementor-heading-title elementor-size-default\">27 i 28 de maig de 2026 a La Farga de L\u2019Hospitalet\u200b<\/h5>\t\t\t\t<\/div>\n\t\t\t\t<div class=\"elementor-element elementor-element-ec93627 elementor-widget elementor-widget-heading\" data-id=\"ec93627\" data-element_type=\"widget\" data-e-type=\"widget\" data-widget_type=\"heading.default\">\n\t\t\t\t\t<h1 class=\"elementor-heading-title elementor-size-default\"><span style=\"color:#5FA79D\">CUIDA<\/span>, Innovaci\u00f3 i benestar per a les persones grans<\/h1>\t\t\t\t<\/div>\n\t\t\t\t<div class=\"elementor-element elementor-element-5cbec5f elementor-widget elementor-widget-heading\" data-id=\"5cbec5f\" data-element_type=\"widget\" data-e-type=\"widget\" data-widget_type=\"heading.default\">\n\t\t\t\t\t<h5 class=\"elementor-heading-title elementor-size-default\">CUIDA \u00e9s la fira dels professionals en l'atenci\u00f3, assist\u00e8ncia i cura de persones grans. Un esdeveniment dissenyat perqu\u00e8 coneguis les darreres solucions i tend\u00e8ncies en un sector en constant creixement.<\/h5>\t\t\t\t<\/div>\n\t\t\t\t<\/div>\n\t\t<div class=\"elementor-element elementor-element-db7b889 e-con-full elementor-hidden-tablet elementor-hidden-mobile e-flex e-con e-child\" data-id=\"db7b889\" data-element_type=\"container\" data-e-type=\"container\">\n\t\t\t\t<div class=\"elementor-element elementor-element-7bc477f elementor-widget elementor-widget-image\" data-id=\"7bc477f\" data-element_type=\"widget\" data-e-type=\"widget\" data-widget_type=\"image.default\">\n\t\t\t\t\t\t\t\t\t\t\t\t\t\t\t<img fetchpriority=\"high\" decoding=\"async\" width=\"660\" height=\"660\" src=\"https:\/\/expocuida.com\/wp-content\/uploads\/img_cuida_home2.png\" class=\"attachment-full size-full wp-image-773\" alt=\"\" srcset=\"https:\/\/expocuida.com\/wp-content\/uploads\/img_cuida_home2.png 660w, https:\/\/expocuida.com\/wp-content\/uploads\/img_cuida_home2-300x300.png 300w\" sizes=\"(max-width: 660px) 100vw, 660px\" \/>\t\t\t\t\t\t\t\t\t\t\t\t\t\t\t<\/div>\n\t\t\t\t<\/div>\n\t\t\t\t\t<\/div>\n\t\t\t\t<\/div>\n\t\t<div class=\"elementor-element elementor-element-e0827b9 e-grid e-con-boxed e-con e-parent\" data-id=\"e0827b9\" data-element_type=\"container\" data-e-type=\"container\">\n\t\t\t\t\t<div class=\"e-con-inner\">\n\t\t<div class=\"elementor-element elementor-element-336957a e-con-full e-flex e-con e-child\" data-id=\"336957a\" data-element_type=\"container\" data-e-type=\"container\" data-settings=\"{&quot;background_background&quot;:&quot;classic&quot;}\">\n\t\t\t\t<div class=\"elementor-element elementor-element-dd35b4f elementor-widget elementor-widget-heading\" data-id=\"dd35b4f\" data-element_type=\"widget\" data-e-type=\"widget\" data-widget_type=\"heading.default\">\n\t\t\t\t\t<h3 class=\"elementor-heading-title elementor-size-default\">M\u00e9s de 60 activitats en el congr\u00e9s m\u00e9s gran que connectar\u00e0 als professionals de les cures<\/h3>\t\t\t\t<\/div>\n\t\t\t\t<div class=\"elementor-element elementor-element-d2c8add elementor-align-center elementor-widget elementor-widget-button\" data-id=\"d2c8add\" data-element_type=\"widget\" data-e-type=\"widget\" data-widget_type=\"button.default\">\n\t\t\t\t\t\t\t\t\t\t<a class=\"elementor-button elementor-button-link elementor-size-sm\" href=\"https:\/\/expocuida.com\/ca\/forum-cuida\/\">\n\t\t\t\t\t\t<span class=\"elementor-button-content-wrapper\">\n\t\t\t\t\t\t\t\t\t<span class=\"elementor-button-text\">F\u00d2RUM CUIDA 2026<\/span>\n\t\t\t\t\t<\/span>\n\t\t\t\t\t<\/a>\n\t\t\t\t\t\t\t\t<\/div>\n\t\t\t\t<\/div>\n\t\t<div class=\"elementor-element elementor-element-35ff647 e-con-full e-flex e-con e-child\" data-id=\"35ff647\" data-element_type=\"container\" data-e-type=\"container\" data-settings=\"{&quot;background_background&quot;:&quot;classic&quot;}\">\n\t\t\t\t<div class=\"elementor-element elementor-element-e2d742f elementor-widget elementor-widget-heading\" data-id=\"e2d742f\" data-element_type=\"widget\" data-e-type=\"widget\" data-widget_type=\"heading.default\">\n\t\t\t\t\t<h3 class=\"elementor-heading-title elementor-size-default\">Descobreix el llistat de les empreses que participen a CUIDA 2026<\/h3>\t\t\t\t<\/div>\n\t\t\t\t<div class=\"elementor-element elementor-element-c0dd242 elementor-align-center elementor-widget elementor-widget-button\" data-id=\"c0dd242\" data-element_type=\"widget\" data-e-type=\"widget\" data-widget_type=\"button.default\">\n\t\t\t\t\t\t\t\t\t\t<a class=\"elementor-button elementor-button-link elementor-size-sm\" href=\"https:\/\/expocuida.com\/ca\/empreses-participants\/\">\n\t\t\t\t\t\t<span class=\"elementor-button-content-wrapper\">\n\t\t\t\t\t\t\t\t\t<span class=\"elementor-button-text\">VEURE EMPRESES<\/span>\n\t\t\t\t\t<\/span>\n\t\t\t\t\t<\/a>\n\t\t\t\t\t\t\t\t<\/div>\n\t\t\t\t<\/div>\n\t\t<div class=\"elementor-element elementor-element-e8ea30e e-con-full e-flex e-con e-child\" data-id=\"e8ea30e\" data-element_type=\"container\" data-e-type=\"container\" data-settings=\"{&quot;background_background&quot;:&quot;classic&quot;}\">\n\t\t\t\t<div class=\"elementor-element elementor-element-9acc02f elementor-widget elementor-widget-heading\" data-id=\"9acc02f\" data-element_type=\"widget\" data-e-type=\"widget\" data-widget_type=\"heading.default\">\n\t\t\t\t\t<h3 class=\"elementor-heading-title elementor-size-default\">Inscriu-te i assegura el teu acc\u00e9s a CUIDA 2026!<\/h3>\t\t\t\t<\/div>\n\t\t\t\t<div class=\"elementor-element elementor-element-bd7ccff elementor-align-center elementor-widget elementor-widget-button\" data-id=\"bd7ccff\" data-element_type=\"widget\" data-e-type=\"widget\" data-widget_type=\"button.default\">\n\t\t\t\t\t\t\t\t\t\t<a class=\"elementor-button elementor-button-link elementor-size-sm\" href=\"https:\/\/expocuida.credoffice.net\/Tickets\/\" target=\"_blank\">\n\t\t\t\t\t\t<span class=\"elementor-button-content-wrapper\">\n\t\t\t\t\t\t\t\t\t<span class=\"elementor-button-text\">REG\u00cdSTRATE<\/span>\n\t\t\t\t\t<\/span>\n\t\t\t\t\t<\/a>\n\t\t\t\t\t\t\t\t<\/div>\n\t\t\t\t<\/div>\n\t\t\t\t\t<\/div>\n\t\t\t\t<\/div>\n\t\t<div class=\"elementor-element elementor-element-f312aca e-grid e-con-boxed e-con e-parent\" data-id=\"f312aca\" data-element_type=\"container\" data-e-type=\"container\">\n\t\t\t\t\t<div class=\"e-con-inner\">\n\t\t<div class=\"elementor-element elementor-element-22dba47 e-con-full e-flex e-con e-child\" data-id=\"22dba47\" data-element_type=\"container\" data-e-type=\"container\" data-settings=\"{&quot;background_background&quot;:&quot;classic&quot;}\">\n\t\t\t\t<div class=\"elementor-element elementor-element-02e25b3 elementor-widget elementor-widget-heading\" data-id=\"02e25b3\" data-element_type=\"widget\" data-e-type=\"widget\" data-widget_type=\"heading.default\">\n\t\t\t\t\t<h5 class=\"elementor-heading-title elementor-size-default\">Connecta, Impulsa, Lidera<\/h5>\t\t\t\t<\/div>\n\t\t\t\t<div class=\"elementor-element elementor-element-31bd584 elementor-widget elementor-widget-heading\" data-id=\"31bd584\" data-element_type=\"widget\" data-e-type=\"widget\" data-widget_type=\"heading.default\">\n\t\t\t\t\t<h2 class=\"elementor-heading-title elementor-size-default\">Exposa a CUIDA!<\/h2>\t\t\t\t<\/div>\n\t\t\t\t<div class=\"elementor-element elementor-element-115f044 elementor-widget elementor-widget-text-editor\" data-id=\"115f044\" data-element_type=\"widget\" data-e-type=\"widget\" data-widget_type=\"text-editor.default\">\n\t\t\t\t\t\t\t\t\tSi la teva empresa t\u00e9 una oferta per a aquest sector, CUIDA t&#8217;ofereix una oportunitat \u00fanica per connectar amb un p\u00fablic professional de qualitat i generar negoci. \u00c9s una inversi\u00f3 estrat\u00e8gica que et permetr\u00e0 refor\u00e7ar la teva posici\u00f3 i generar aliances.\t\t\t\t\t\t\t\t<\/div>\n\t\t<div class=\"elementor-element elementor-element-bff449a e-con-full e-flex e-con e-child\" data-id=\"bff449a\" data-element_type=\"container\" data-e-type=\"container\">\n\t\t\t\t<div class=\"elementor-element elementor-element-7d6138b elementor-widget elementor-widget-button\" data-id=\"7d6138b\" data-element_type=\"widget\" data-e-type=\"widget\" data-widget_type=\"button.default\">\n\t\t\t\t\t\t\t\t\t\t<a class=\"elementor-button elementor-button-link elementor-size-sm\" href=\"https:\/\/expocuida.com\/ca\/exposar-a-cuida\/\">\n\t\t\t\t\t\t<span class=\"elementor-button-content-wrapper\">\n\t\t\t\t\t\t\t\t\t<span class=\"elementor-button-text\">+ Informaci\u00f3<\/span>\n\t\t\t\t\t<\/span>\n\t\t\t\t\t<\/a>\n\t\t\t\t\t\t\t\t<\/div>\n\t\t\t\t<div class=\"elementor-element elementor-element-1a0f56c elementor-widget elementor-widget-button\" data-id=\"1a0f56c\" data-element_type=\"widget\" data-e-type=\"widget\" data-widget_type=\"button.default\">\n\t\t\t\t\t\t\t\t\t\t<a class=\"elementor-button elementor-button-link elementor-size-sm\" href=\"https:\/\/expocuida.com\/ca\/contacte\/\">\n\t\t\t\t\t\t<span class=\"elementor-button-content-wrapper\">\n\t\t\t\t\t\t\t\t\t<span class=\"elementor-button-text\">Contacta amb nosaltres<\/span>\n\t\t\t\t\t<\/span>\n\t\t\t\t\t<\/a>\n\t\t\t\t\t\t\t\t<\/div>\n\t\t\t\t<\/div>\n\t\t\t\t<\/div>\n\t\t<div class=\"elementor-element elementor-element-cb16bbf e-con-full e-flex e-con e-child\" data-id=\"cb16bbf\" data-element_type=\"container\" data-e-type=\"container\" data-settings=\"{&quot;background_background&quot;:&quot;classic&quot;}\">\n\t\t\t\t<div class=\"elementor-element elementor-element-48b7655 elementor-widget elementor-widget-heading\" data-id=\"48b7655\" data-element_type=\"widget\" data-e-type=\"widget\" data-widget_type=\"heading.default\">\n\t\t\t\t\t<h5 class=\"elementor-heading-title elementor-size-default\">Apr\u00e8n, Descobreix, Connecta<\/h5>\t\t\t\t<\/div>\n\t\t\t\t<div class=\"elementor-element elementor-element-61cb360 elementor-widget elementor-widget-heading\" data-id=\"61cb360\" data-element_type=\"widget\" data-e-type=\"widget\" data-widget_type=\"heading.default\">\n\t\t\t\t\t<h2 class=\"elementor-heading-title elementor-size-default\">Visita CUIDA!<\/h2>\t\t\t\t<\/div>\n\t\t\t\t<div class=\"elementor-element elementor-element-d5eb51f elementor-widget elementor-widget-text-editor\" data-id=\"d5eb51f\" data-element_type=\"widget\" data-e-type=\"widget\" data-widget_type=\"text-editor.default\">\n\t\t\t\t\t\t\t\t\t<p>CUIDA \u00e9s l&#8217;espai ideal per actualitzar els teus coneixements i trobar solucions innovadores. Descobreix les darreres novetats en tecnologia, serveis dirigits al sector sociosanitari i formaci\u00f3. Amplia la teva xarxa de contactes i connecta amb els l\u00edders del sector.<\/p>\t\t\t\t\t\t\t\t<\/div>\n\t\t<div class=\"elementor-element elementor-element-008ece3 e-con-full e-flex e-con e-child\" data-id=\"008ece3\" data-element_type=\"container\" data-e-type=\"container\">\n\t\t\t\t<div class=\"elementor-element elementor-element-1999635 elementor-mobile-align-justify elementor-widget elementor-widget-button\" data-id=\"1999635\" data-element_type=\"widget\" data-e-type=\"widget\" data-widget_type=\"button.default\">\n\t\t\t\t\t\t\t\t\t\t<a class=\"elementor-button elementor-button-link elementor-size-sm\" href=\"https:\/\/expocuida.com\/ca\/visitar-cuida\/\">\n\t\t\t\t\t\t<span class=\"elementor-button-content-wrapper\">\n\t\t\t\t\t\t\t\t\t<span class=\"elementor-button-text\">+ Informaci\u00f3<\/span>\n\t\t\t\t\t<\/span>\n\t\t\t\t\t<\/a>\n\t\t\t\t\t\t\t\t<\/div>\n\t\t\t\t<div class=\"elementor-element elementor-element-a40d6e1 elementor-mobile-align-justify elementor-widget elementor-widget-button\" data-id=\"a40d6e1\" data-element_type=\"widget\" data-e-type=\"widget\" data-widget_type=\"button.default\">\n\t\t\t\t\t\t\t\t\t\t<a class=\"elementor-button elementor-button-link elementor-size-sm\" href=\"https:\/\/expocuida.credoffice.net\/Tickets\/\" target=\"_blank\">\n\t\t\t\t\t\t<span class=\"elementor-button-content-wrapper\">\n\t\t\t\t\t\t\t\t\t<span class=\"elementor-button-text\">Sol\u00b7licita la teva acreditaci\u00f3n<\/span>\n\t\t\t\t\t<\/span>\n\t\t\t\t\t<\/a>\n\t\t\t\t\t\t\t\t<\/div>\n\t\t\t\t<\/div>\n\t\t\t\t<\/div>\n\t\t<div class=\"elementor-element elementor-element-9b75288 e-con-full e-flex e-con e-child\" data-id=\"9b75288\" data-element_type=\"container\" data-e-type=\"container\" data-settings=\"{&quot;background_background&quot;:&quot;classic&quot;}\">\n\t\t\t\t<div class=\"elementor-element elementor-element-a05dcd2 elementor-widget elementor-widget-image\" data-id=\"a05dcd2\" data-element_type=\"widget\" data-e-type=\"widget\" data-widget_type=\"image.default\">\n\t\t\t\t\t\t\t\t\t\t\t\t\t\t\t<img decoding=\"async\" width=\"660\" height=\"660\" src=\"https:\/\/expocuida.com\/wp-content\/uploads\/img_cuida_activitats_home2.png\" class=\"attachment-large size-large wp-image-774\" alt=\"\" srcset=\"https:\/\/expocuida.com\/wp-content\/uploads\/img_cuida_activitats_home2.png 660w, https:\/\/expocuida.com\/wp-content\/uploads\/img_cuida_activitats_home2-300x300.png 300w\" sizes=\"(max-width: 660px) 100vw, 660px\" \/>\t\t\t\t\t\t\t\t\t\t\t\t\t\t\t<\/div>\n\t\t\t\t<\/div>\n\t\t<div class=\"elementor-element elementor-element-2c42f5b e-con-full e-flex e-con e-child\" data-id=\"2c42f5b\" data-element_type=\"container\" data-e-type=\"container\" data-settings=\"{&quot;background_background&quot;:&quot;classic&quot;}\">\n\t\t\t\t<div class=\"elementor-element elementor-element-05199d8 elementor-widget elementor-widget-heading\" data-id=\"05199d8\" data-element_type=\"widget\" data-e-type=\"widget\" data-widget_type=\"heading.default\">\n\t\t\t\t\t<h5 class=\"elementor-heading-title elementor-size-default\">Activitats<\/h5>\t\t\t\t<\/div>\n\t\t\t\t<div class=\"elementor-element elementor-element-6dcfcb0 elementor-widget elementor-widget-heading\" data-id=\"6dcfcb0\" data-element_type=\"widget\" data-e-type=\"widget\" data-widget_type=\"heading.default\">\n\t\t\t\t\t<h2 class=\"elementor-heading-title elementor-size-default\">Molt m\u00e9s<br>que una fira<\/h2>\t\t\t\t<\/div>\n\t\t\t\t<div class=\"elementor-element elementor-element-deaf0d6 elementor-widget elementor-widget-text-editor\" data-id=\"deaf0d6\" data-element_type=\"widget\" data-e-type=\"widget\" data-widget_type=\"text-editor.default\">\n\t\t\t\t\t\t\t\t\tA CUIDA, no nom\u00e9s trobar\u00e0s expositors i productes innovadors, sin\u00f3 un complet programa d&#8217;activitats paral\u00b7leles dissenyat per potenciar el teu coneixement, les teves habilitats i els teus contactes professionals.\t\t\t\t\t\t\t\t<\/div>\n\t\t\t\t<div class=\"elementor-element elementor-element-d7d2bac elementor-widget elementor-widget-button\" data-id=\"d7d2bac\" data-element_type=\"widget\" data-e-type=\"widget\" data-widget_type=\"button.default\">\n\t\t\t\t\t\t\t\t\t\t<a class=\"elementor-button elementor-button-link elementor-size-sm\" href=\"https:\/\/expocuida.com\/ca\/forum-cuida\/\">\n\t\t\t\t\t\t<span class=\"elementor-button-content-wrapper\">\n\t\t\t\t\t\t\t\t\t<span class=\"elementor-button-text\">+ Informaci\u00f3<\/span>\n\t\t\t\t\t<\/span>\n\t\t\t\t\t<\/a>\n\t\t\t\t\t\t\t\t<\/div>\n\t\t\t\t<\/div>\n\t\t\t\t\t<\/div>\n\t\t\t\t<\/div>\n\t\t\t\t<\/div>\n\t\t","protected":false},"excerpt":{"rendered":"<p>27 i 28 de maig de 2026 a La Farga de L\u2019Hospitalet\u200b CUIDA, Innovaci\u00f3 i benestar per a les persones grans CUIDA \u00e9s la fira dels professionals en l&#8217;atenci\u00f3, assist\u00e8ncia i cura de persones grans. Un esdeveniment dissenyat perqu\u00e8 coneguis les darreres solucions i tend\u00e8ncies en un sector en constant creixement. M\u00e9s de 60 activitats [&hellip;]<\/p>\n","protected":false},"author":2,"featured_media":0,"parent":0,"menu_order":0,"comment_status":"closed","ping_status":"closed","template":"","meta":{"footnotes":""},"class_list":["post-771","page","type-page","status-publish","hentry"],"_links":{"self":[{"href":"https:\/\/expocuida.com\/ca\/wp-json\/wp\/v2\/pages\/771","targetHints":{"allow":["GET"]}}],"collection":[{"href":"https:\/\/expocuida.com\/ca\/wp-json\/wp\/v2\/pages"}],"about":[{"href":"https:\/\/expocuida.com\/ca\/wp-json\/wp\/v2\/types\/page"}],"author":[{"embeddable":true,"href":"https:\/\/expocuida.com\/ca\/wp-json\/wp\/v2\/users\/2"}],"replies":[{"embeddable":true,"href":"https:\/\/expocuida.com\/ca\/wp-json\/wp\/v2\/comments?post=771"}],"version-history":[{"count":14,"href":"https:\/\/expocuida.com\/ca\/wp-json\/wp\/v2\/pages\/771\/revisions"}],"predecessor-version":[{"id":2515,"href":"https:\/\/expocuida.com\/ca\/wp-json\/wp\/v2\/pages\/771\/revisions\/2515"}],"wp:attachment":[{"href":"https:\/\/expocuida.com\/ca\/wp-json\/wp\/v2\/media?parent=771"}],"curies":[{"name":"wp","href":"https:\/\/api.w.org\/{rel}","templated":true}]}}